{"id":2191,"date":"2022-08-22T16:17:50","date_gmt":"2022-08-22T16:17:50","guid":{"rendered":"https:\/\/quimicoil.com\/contacts\/"},"modified":"2025-09-08T11:36:47","modified_gmt":"2025-09-08T11:36:47","slug":"contacts","status":"publish","type":"page","link":"https:\/\/quimicoil.com\/fr\/contacts\/","title":{"rendered":"Contacts"},"content":{"rendered":"\t\t<div data-elementor-type=\"wp-page\" data-elementor-id=\"2191\" class=\"elementor elementor-2191 elementor-874\">\n\t\t\t\t\t\t<section class=\"elementor-section elementor-top-section elementor-element elementor-element-074ad30 elementor-section-boxed elementor-section-height-default elementor-section-height-default\" data-id=\"074ad30\" data-element_type=\"section\">\n\t\t\t\t\t\t<div class=\"elementor-container elementor-column-gap-default\">\n\t\t\t\t\t<div class=\"elementor-column elementor-col-33 elementor-top-column elementor-element elementor-element-f9fad8a\" data-id=\"f9fad8a\" data-element_type=\"column\">\n\t\t\t<div class=\"elementor-widget-wrap elementor-element-populated\">\n\t\t\t\t\t\t<div class=\"elementor-element elementor-element-d6ad8fb elementor-widget elementor-widget-contact-info-box\" data-id=\"d6ad8fb\" data-element_type=\"widget\" data-widget_type=\"contact-info-box.default\">\n\t\t\t\t<div class=\"elementor-widget-container\">\n\t\t\t\t\t\r\n                <div class=\"tpcontact mr-60 mb-60 wow fadeInUp ele-section\" data-wow-delay=\".2s\">\r\n            <div class=\"tpcontact__item text-center\">\r\n                <div class=\"tpcontact__icon mb-20\">\r\n                                        <span class=\"fea__icon ele-feature-icon\">\r\n                                                        <img decoding=\"async\" class=\"light\" src=\"https:\/\/weblearnbd.net\/wp\/bioxlab\/wp-content\/uploads\/2022\/08\/contact-01.png\" alt=\"\">\r\n                                                <\/span>\r\n                                    <\/div>\r\n                <div class=\"tpcontact__address\">\r\n                                            <h4 class=\"tpcontact__title mb-15 ele-feature-title\">Adresse<\/h4>\r\n                    \r\n\t\t\t\t\t\t\t\t\t\t    <span class=\"ele-feature-content\">Estrada de Catete, KM 19 <br> Viana, Luanda  <br> Angola<\/span>\r\n\t\t\t\t\t                <\/div>\r\n            <\/div>\r\n        <\/div>\r\n                <div class=\"tpcontact mr-60 mb-60 wow fadeInUp ele-section\" data-wow-delay=\".2s\">\r\n            <div class=\"tpcontact__item text-center\">\r\n                <div class=\"tpcontact__icon mb-20\">\r\n                                        <span class=\"fea__icon ele-feature-icon\">\r\n                                                        <img decoding=\"async\" class=\"light\" src=\"https:\/\/weblearnbd.net\/wp\/bioxlab\/wp-content\/uploads\/2022\/08\/contact-02.png\" alt=\"\">\r\n                                                <\/span>\r\n                                    <\/div>\r\n                <div class=\"tpcontact__address\">\r\n                                            <h4 class=\"tpcontact__title mb-15 ele-feature-title\">T\u00e9l\u00e9phones<\/h4>\r\n                    \r\n\t\t\t\t\t\t\t\t\t\t    <span class=\"ele-feature-content\">+244 924 006 714\n<br>\n+244 947 735 797<\/span>\r\n\t\t\t\t\t                <\/div>\r\n            <\/div>\r\n        <\/div>\r\n                <div class=\"tpcontact mr-60 mb-60 wow fadeInUp ele-section\" data-wow-delay=\".2s\">\r\n            <div class=\"tpcontact__item text-center\">\r\n                <div class=\"tpcontact__icon mb-20\">\r\n                                        <span class=\"fea__icon ele-feature-icon\">\r\n                                                        <img decoding=\"async\" class=\"light\" src=\"https:\/\/weblearnbd.net\/wp\/bioxlab\/wp-content\/uploads\/2022\/08\/contact-03.png\" alt=\"\">\r\n                                                <\/span>\r\n                                    <\/div>\r\n                <div class=\"tpcontact__address\">\r\n                                            <h4 class=\"tpcontact__title mb-15 ele-feature-title\">Heures d'ouverture<\/h4>\r\n                    \r\n\t\t\t\t\t\t\t\t\t\t    <span class=\"ele-feature-content\">Du lundi au vendredi\n<br>\n09:00H - 17:30H<\/span>\r\n\t\t\t\t\t                <\/div>\r\n            <\/div>\r\n        <\/div>\r\n        \r\n        \t\t\t\t<\/div>\n\t\t\t\t<\/div>\n\t\t\t\t\t<\/div>\n\t\t<\/div>\n\t\t\t\t<div class=\"elementor-column elementor-col-66 elementor-top-column elementor-element elementor-element-28a3e1a\" data-id=\"28a3e1a\" data-element_type=\"column\">\n\t\t\t<div class=\"elementor-widget-wrap elementor-element-populated\">\n\t\t\t\t\t\t<div class=\"elementor-element elementor-element-de78e7b elementor-widget elementor-widget-contactform\" data-id=\"de78e7b\" data-element_type=\"widget\" data-widget_type=\"contactform.default\">\n\t\t\t\t<div class=\"elementor-widget-container\">\n\t\t\t\t\t\r\n\r\n<div class=\"contactform wow fadeInRight ele-section\" data-wow-delay=\".4s\">\r\n                    <!-- <i class=\"fa-light fa-file-signature\"> -->\r\n        <h2 class=\"contactform__title mb-35 ele-title\">Contactez-nous<\/h2>\r\n            \r\n    <div class=\"contactform__list mb-60\">\r\n                <div class=\"form-wrapper\">\r\n            \n<div class=\"wpcf7 no-js\" id=\"wpcf7-f2265-o1\" lang=\"fr-FR\" dir=\"ltr\" data-wpcf7-id=\"2265\">\n<div class=\"screen-reader-response\"><p role=\"status\" aria-live=\"polite\" aria-atomic=\"true\"><\/p> <ul><\/ul><\/div>\n<form action=\"\/fr\/wp-json\/wp\/v2\/pages\/2191#wpcf7-f2265-o1\" method=\"post\" class=\"wpcf7-form init\" aria-label=\"Formulaire de contact\" novalidate=\"novalidate\" data-status=\"init\">\n<fieldset class=\"hidden-fields-container\"><input type=\"hidden\" name=\"_wpcf7\" value=\"2265\" \/><input type=\"hidden\" name=\"_wpcf7_version\" value=\"6.1\" \/><input type=\"hidden\" name=\"_wpcf7_locale\" value=\"fr_FR\" \/><input type=\"hidden\" name=\"_wpcf7_unit_tag\" value=\"wpcf7-f2265-o1\" \/><input type=\"hidden\" name=\"_wpcf7_container_post\" value=\"0\" \/><input type=\"hidden\" name=\"_wpcf7_posted_data_hash\" value=\"\" \/><input type=\"hidden\" name=\"_wpcf7_recaptcha_response\" value=\"\" \/>\n<\/fieldset>\n<div class=\"row\">\n    <div class=\"col-lg-6\">\n    <div class=\"contactform__input mb-30\">\n  <span class=\"wpcf7-form-control-wrap\" data-name=\"tpc-name\"><input size=\"40\" maxlength=\"400\" class=\"wpcf7-form-control wpcf7-text wpcf7-validates-as-required\" aria-required=\"true\" aria-invalid=\"false\" placeholder=\"Nom\" value=\"\" type=\"text\" name=\"tpc-name\" \/><\/span>\n    <\/div>\n    <\/div>\n    <div class=\"col-lg-6\">\n    <div class=\"contactform__input mb-30\">\n  <span class=\"wpcf7-form-control-wrap\" data-name=\"tpc-email\"><input size=\"40\" maxlength=\"400\" class=\"wpcf7-form-control wpcf7-email wpcf7-validates-as-required wpcf7-text wpcf7-validates-as-email\" aria-required=\"true\" aria-invalid=\"false\" placeholder=\"E-mail\" value=\"\" type=\"email\" name=\"tpc-email\" \/><\/span>\n    <\/div>\n    <\/div>\n    <div class=\"col-lg-6\">\n    <div class=\"contactform__input mb-30\">\n  <span class=\"wpcf7-form-control-wrap\" data-name=\"tpc-phone\"><input size=\"40\" class=\"wpcf7-form-control wpcf7-phonetext wpcf7-validates-as-required wpcf7-text wpcf7-validates-as-phonetext\" aria-required=\"true\" aria-invalid=\"false\" placeholder=\"T\u00e9l\u00e9phone\" value=\"\" type=\"text\" name=\"tpc-phone\" \/><input type=\"hidden\" name=\"tpc-phone-country-code\" class=\"wpcf7-phonetext-country-code\" \/><\/span>\n    <\/div>\n    <\/div>\n    <div class=\"col-lg-12\">\n    <div class=\"contactform__input mb-30\">\n  <span class=\"wpcf7-form-control-wrap\" data-name=\"tpc-message\"><textarea cols=\"40\" rows=\"10\" maxlength=\"2000\" class=\"wpcf7-form-control wpcf7-textarea wpcf7-validates-as-required\" aria-required=\"true\" aria-invalid=\"false\" placeholder=\"Message\" name=\"tpc-message\"><\/textarea><\/span>\n<br><span class=\"wpcf7-form-control-wrap\" data-name=\"acceptance\"><span class=\"wpcf7-form-control wpcf7-acceptance\"><span class=\"wpcf7-list-item\"><label><input type=\"checkbox\" name=\"acceptance\" value=\"1\" aria-invalid=\"false\" \/><span class=\"wpcf7-list-item-label\">J'accepte que mes donn\u00e9es soumises soient collect\u00e9es et stock\u00e9es conform\u00e9ment \u00e0 notre <a href=\"\/politica-de-privacidade\/\">politique de confidentialit\u00e9<\/a>.<\/span><\/label><\/span><\/span><\/span>\n    <\/div>\n    <\/div>\n    <div class=\"col-lg-12\">\n    <div class=\"contactform__input mb-30-btn\">\n        <button type=\"submit\" class=\"tp-btn\">Envoyer<\/button>\n    <\/div>\n    <\/div>\n<\/div>\n<input class=\"wpcf7-form-control wpcf7-hidden\" value=\"\" type=\"hidden\" name=\"utm_source\" \/>\n<input class=\"wpcf7-form-control wpcf7-hidden\" value=\"\" type=\"hidden\" name=\"utm_medium\" \/>\n<input class=\"wpcf7-form-control wpcf7-hidden\" value=\"\" type=\"hidden\" name=\"utm_campaign\" \/>\n<input class=\"wpcf7-form-control wpcf7-hidden\" value=\"\" type=\"hidden\" name=\"ref\" \/>\n<input class=\"wpcf7-form-control wpcf7-hidden\" id=\"page_url\" value=\"\" type=\"hidden\" name=\"page_url\" \/><div class=\"wpcf7-response-output\" aria-hidden=\"true\"><\/div>\n<\/form>\n<\/div>\n        <\/div>\r\n            <\/div>\r\n<\/div>\r\n\r\n\t\t\t\t<\/div>\n\t\t\t\t<\/div>\n\t\t\t\t<div class=\"elementor-element elementor-element-a9f45bd elementor-widget elementor-widget-google_maps\" data-id=\"a9f45bd\" data-element_type=\"widget\" data-widget_type=\"google_maps.default\">\n\t\t\t\t<div class=\"elementor-widget-container\">\n\t\t\t\t\t\t\t<div class=\"elementor-custom-embed\">\n\t\t\t<iframe loading=\"lazy\"\n\t\t\t\t\tsrc=\"https:\/\/maps.google.com\/maps?q=Quimicoil%20Lda%2C%20Viana&#038;t=m&#038;z=12&#038;output=embed&#038;iwloc=near\"\n\t\t\t\t\ttitle=\"Quimicoil Lda, Viana\"\n\t\t\t\t\taria-label=\"Quimicoil Lda, Viana\"\n\t\t\t><\/iframe>\n\t\t<\/div>\n\t\t\t\t\t\t<\/div>\n\t\t\t\t<\/div>\n\t\t\t\t\t<\/div>\n\t\t<\/div>\n\t\t\t\t\t<\/div>\n\t\t<\/section>\n\t\t\t\t<\/div>\n\t\t","protected":false},"excerpt":{"rendered":"<p>Adresse Estrada de Catete, KM 19 Viana, Luanda Angola T\u00e9l\u00e9phones +244 924 006 714 +244 947 735 797 Heures d&rsquo;ouverture Du lundi au vendredi 09:00H &#8211; 17:30H Contactez-nous J&rsquo;accepte que mes donn\u00e9es soumises soient collect\u00e9es et stock\u00e9es conform\u00e9ment \u00e0 notre politique de confidentialit\u00e9. Envoyer<\/p>\n","protected":false},"author":1,"featured_media":2115,"parent":0,"menu_order":0,"comment_status":"closed","ping_status":"closed","template":"elementor_header_footer","meta":{"_acf_changed":false,"footnotes":""},"class_list":["post-2191","page","type-page","status-publish","has-post-thumbnail","hentry"],"acf":[],"aioseo_notices":[],"_links":{"self":[{"href":"https:\/\/quimicoil.com\/fr\/wp-json\/wp\/v2\/pages\/2191","targetHints":{"allow":["GET"]}}],"collection":[{"href":"https:\/\/quimicoil.com\/fr\/wp-json\/wp\/v2\/pages"}],"about":[{"href":"https:\/\/quimicoil.com\/fr\/wp-json\/wp\/v2\/types\/page"}],"author":[{"embeddable":true,"href":"https:\/\/quimicoil.com\/fr\/wp-json\/wp\/v2\/users\/1"}],"replies":[{"embeddable":true,"href":"https:\/\/quimicoil.com\/fr\/wp-json\/wp\/v2\/comments?post=2191"}],"version-history":[{"count":7,"href":"https:\/\/quimicoil.com\/fr\/wp-json\/wp\/v2\/pages\/2191\/revisions"}],"predecessor-version":[{"id":2377,"href":"https:\/\/quimicoil.com\/fr\/wp-json\/wp\/v2\/pages\/2191\/revisions\/2377"}],"wp:featuredmedia":[{"embeddable":true,"href":"https:\/\/quimicoil.com\/fr\/wp-json\/wp\/v2\/media\/2115"}],"wp:attachment":[{"href":"https:\/\/quimicoil.com\/fr\/wp-json\/wp\/v2\/media?parent=2191"}],"curies":[{"name":"wp","href":"https:\/\/api.w.org\/{rel}","templated":true}]}}