{"id":2204,"date":"2025-07-17T11:11:54","date_gmt":"2025-07-17T11:11:54","guid":{"rendered":"https:\/\/quimicoil.com\/politique-de-cookies\/"},"modified":"2025-09-02T11:59:30","modified_gmt":"2025-09-02T11:59:30","slug":"politique-de-cookies","status":"publish","type":"page","link":"https:\/\/quimicoil.com\/fr\/politique-de-cookies\/","title":{"rendered":"Politique de cookies"},"content":{"rendered":"\t\t<div data-elementor-type=\"wp-page\" data-elementor-id=\"2204\" class=\"elementor elementor-2204 elementor-1858\">\n\t\t\t\t<div class=\"elementor-element elementor-element-a2c87b1 e-flex e-con-boxed e-con e-parent\" data-id=\"a2c87b1\" data-element_type=\"container\">\n\t\t\t\t\t<div class=\"e-con-inner\">\n\t\t\t\t<div class=\"elementor-element elementor-element-67b06c2 elementor-widget elementor-widget-spacer\" data-id=\"67b06c2\" data-element_type=\"widget\" data-widget_type=\"spacer.default\">\n\t\t\t\t<div class=\"elementor-widget-container\">\n\t\t\t\t\t\t\t<div class=\"elementor-spacer\">\n\t\t\t<div class=\"elementor-spacer-inner\"><\/div>\n\t\t<\/div>\n\t\t\t\t\t\t<\/div>\n\t\t\t\t<\/div>\n\t\t\t\t<div class=\"elementor-element elementor-element-c323800 elementor-widget elementor-widget-html\" data-id=\"c323800\" data-element_type=\"widget\" data-widget_type=\"html.default\">\n\t\t\t\t<div class=\"elementor-widget-container\">\n\t\t\t\t\t<style>\n    a.cky-banner-element {\n        padding: 8px 30px;\n        background: #F8F9FA;\n        color: #858A8F;\n        border: 1px solid #DEE2E6;\n        box-sizing: border-box;\n        border-radius: 2px;\n        cursor: pointer;\n}\n<\/style>\n<h1 class=\"cookie-policy-h1\">Cookie Policy<\/h1>\n<p>\n Date d'entr\u00e9e en vigueur : 17-Jul-2025 <br> Derni\u00e8re mise \u00e0 jour : 17-Jul-2025\n<\/p>\n\n&nbsp;\n<h5>Que sont les cookies&nbsp;?<\/h5>\n<div class=\"cookie-policy-p\"><p>Cette politique de cookies explique ce que sont les cookies et comment nous les utilisons, les types de cookies que nous utilisons, c'est-\u00e0-dire les informations que nous recueillons par le biais des cookies et comment ces informations sont utilis\u00e9es, ainsi que la mani\u00e8re de g\u00e9rer les param\u00e8tres des cookies.<\/p> \n\n<p>Les cookies sont de petits fichiers texte utilis\u00e9s pour stocker de petites quantit\u00e9s d'informations. Ils sont stock\u00e9s sur votre appareil lorsque le site est charg\u00e9 dans votre navigateur. Ces cookies nous aident \u00e0 assurer le bon fonctionnement du site, \u00e0 le rendre plus s\u00fbr, \u00e0 offrir une meilleure exp\u00e9rience \u00e0 l'utilisateur et \u00e0 comprendre les performances du site, en analysant ce qui fonctionne et ce qui doit \u00eatre am\u00e9lior\u00e9.<\/p><\/div>\n\n&nbsp;\n<h5>Comment utilisons-nous les cookies&nbsp;?\n<\/h5>\n<div class=\"cookie-policy-p\"><p>Comme la plupart des services en ligne, notre site utilise des cookies propres et des cookies de tiers \u00e0 diverses fins. Les cookies propres sont, dans la plupart des cas, n\u00e9cessaires au bon fonctionnement du site et ne recueillent aucune donn\u00e9e personnelle identifiable.<\/p> \n\n<p>Les cookies de tiers utilis\u00e9s sur notre site servent principalement \u00e0 comprendre les performances du site, la mani\u00e8re dont vous interagissez avec notre site, \u00e0 assurer la s\u00e9curit\u00e9 de nos services, \u00e0 vous pr\u00e9senter des publicit\u00e9s pertinentes et, en g\u00e9n\u00e9ral, \u00e0 vous offrir une exp\u00e9rience utilisateur am\u00e9lior\u00e9e, ainsi qu'\u00e0 acc\u00e9l\u00e9rer vos futures interactions avec notre site.<\/p>\n<\/div>\n\n&nbsp;\n    <h5>Types de cookies que nous utilisons<\/h5>\n\n    <div class=\"cky-audit-table-element\"><\/div>\n\n&nbsp;\n    <h5 style=\"margin-bottom:20px;\">G\u00e9rer les pr\u00e9f\u00e9rences en mati\u00e8re de cookies<\/h5>\n\n    <a class=\"cky-banner-element\">Param\u00e8tres des cookies<\/a> <br>\n    <div><p>Vous pouvez modifier vos pr\u00e9f\u00e9rences en mati\u00e8re de cookies \u00e0 tout moment en cliquant sur le bouton ci-dessus. Cela vous permettra de revoir la banni\u00e8re de consentement aux cookies et de modifier vos pr\u00e9f\u00e9rences ou de retirer votre consentement imm\u00e9diatement.<\/p> \n\n<p>En outre, diff\u00e9rents navigateurs offrent diff\u00e9rentes m\u00e9thodes pour bloquer et supprimer les cookies utilis\u00e9s par les sites. Vous pouvez modifier les param\u00e8tres de votre navigateur pour bloquer\/supprimer les cookies. Voici les liens vers les documents de support sur la mani\u00e8re de g\u00e9rer et de supprimer les cookies dans les principaux navigateurs web.<\/p> \n\n<p>Chrome&nbsp;: <a target=\"_blank\" href=\"https:\/\/support.google.com\/accounts\/answer\/32050\">https:\/\/support.google.com\/accounts\/answer\/32050<\/a><\/p>\n<p>Safari&nbsp;: <a target=\"_blank\" href=\"https:\/\/support.apple.com\/en-in\/guide\/safari\/sfri11471\/mac\">https:\/\/support.apple.com\/en-in\/guide\/safari\/sfri11471\/mac<\/a><\/p>\n<p>Firefox&nbsp;: <a target=\"_blank\" href=\"https:\/\/support.mozilla.org\/en-US\/kb\/clear-cookies-and-site-data-firefox?redirectslug=delete-cookies-remove-info-websites-stored&amp;redirectlocale=en-US\">https:\/\/support.mozilla.org\/en-US\/kb\/clear-cookies-and-site-data-firefox?redirectslug=delete-cookies-remove-info-websites-stored&amp;redirectlocale=en-US<\/a><\/p>\n<p>Internet Explorer&nbsp;: <a target=\"_blank\" href=\"https:\/\/support.microsoft.com\/en-us\/topic\/how-to-delete-cookie-files-in-internet-explorer-bca9446f-d873-78de-77ba-d42645fa52fc\">https:\/\/support.microsoft.com\/en-us\/topic\/how-to-delete-cookie-files-in-internet-explorer-bca9446f-d873-78de-77ba-d42645fa52fc<\/a><\/p>\n\n<p>Si vous utilisez un autre navigateur web, veuillez consulter la documentation officielle de support de votre navigateur.<\/p>\n<\/div>\n\t\t\t\t<\/div>\n\t\t\t\t<\/div>\n\t\t\t\t\t<\/div>\n\t\t\t\t<\/div>\n\t\t\t\t<\/div>\n\t\t","protected":false},"excerpt":{"rendered":"<p>Cookie Policy Date d&rsquo;entr\u00e9e en vigueur : 17-Jul-2025 Derni\u00e8re mise \u00e0 jour : 17-Jul-2025 &nbsp; Que sont les cookies&nbsp;? Cette politique de cookies explique ce que sont les cookies et comment nous les utilisons, les types de cookies que nous utilisons, c&rsquo;est-\u00e0-dire les informations que nous recueillons par le biais des cookies et comment ces [&hellip;]<\/p>\n","protected":false},"author":4,"featured_media":0,"parent":0,"menu_order":0,"comment_status":"closed","ping_status":"closed","template":"elementor_header_footer","meta":{"_acf_changed":false,"footnotes":""},"class_list":["post-2204","page","type-page","status-publish","hentry"],"acf":[],"aioseo_notices":[],"_links":{"self":[{"href":"https:\/\/quimicoil.com\/fr\/wp-json\/wp\/v2\/pages\/2204","targetHints":{"allow":["GET"]}}],"collection":[{"href":"https:\/\/quimicoil.com\/fr\/wp-json\/wp\/v2\/pages"}],"about":[{"href":"https:\/\/quimicoil.com\/fr\/wp-json\/wp\/v2\/types\/page"}],"author":[{"embeddable":true,"href":"https:\/\/quimicoil.com\/fr\/wp-json\/wp\/v2\/users\/4"}],"replies":[{"embeddable":true,"href":"https:\/\/quimicoil.com\/fr\/wp-json\/wp\/v2\/comments?post=2204"}],"version-history":[{"count":1,"href":"https:\/\/quimicoil.com\/fr\/wp-json\/wp\/v2\/pages\/2204\/revisions"}],"predecessor-version":[{"id":2205,"href":"https:\/\/quimicoil.com\/fr\/wp-json\/wp\/v2\/pages\/2204\/revisions\/2205"}],"wp:attachment":[{"href":"https:\/\/quimicoil.com\/fr\/wp-json\/wp\/v2\/media?parent=2204"}],"curies":[{"name":"wp","href":"https:\/\/api.w.org\/{rel}","templated":true}]}}