{"id":2263,"date":"2025-07-17T10:58:56","date_gmt":"2025-07-17T10:58:56","guid":{"rendered":"https:\/\/quimicoil.com\/politique-de-confidentialite\/"},"modified":"2025-09-02T12:00:10","modified_gmt":"2025-09-02T12:00:10","slug":"politique-de-confidentialite","status":"publish","type":"page","link":"https:\/\/quimicoil.com\/fr\/politique-de-confidentialite\/","title":{"rendered":"Politique de confidentialit\u00e9"},"content":{"rendered":"\t\t<div data-elementor-type=\"wp-page\" data-elementor-id=\"2263\" class=\"elementor elementor-2263 elementor-1852\">\n\t\t\t\t<div class=\"elementor-element elementor-element-71bb9ed e-flex e-con-boxed e-con e-parent\" data-id=\"71bb9ed\" data-element_type=\"container\">\n\t\t\t\t\t<div class=\"e-con-inner\">\n\t\t\t\t<div class=\"elementor-element elementor-element-cce6ffe elementor-widget elementor-widget-spacer\" data-id=\"cce6ffe\" data-element_type=\"widget\" data-widget_type=\"spacer.default\">\n\t\t\t\t<div class=\"elementor-widget-container\">\n\t\t\t\t\t\t\t<div class=\"elementor-spacer\">\n\t\t\t<div class=\"elementor-spacer-inner\"><\/div>\n\t\t<\/div>\n\t\t\t\t\t\t<\/div>\n\t\t\t\t<\/div>\n\t\t\t\t<div class=\"elementor-element elementor-element-2728d0f elementor-widget elementor-widget-html\" data-id=\"2728d0f\" data-element_type=\"widget\" data-widget_type=\"html.default\">\n\t\t\t\t<div class=\"elementor-widget-container\">\n\t\t\t\t\t<h1 class=\"privacy-policy-h1\">Privacy Policy\n<\/h1>\n\n<br><span>Derni\u00e8re mise \u00e0 jour&nbsp;: 17&nbsp;juillet&nbsp;2025<\/span>\n<br><span>Date d\u2019entr\u00e9e en vigueur&nbsp;: 17&nbsp;juillet&nbsp;2025<\/span>\n<br><p class=\"privacy-policy-p\">\n  La pr\u00e9sente politique de confidentialit\u00e9 d\u00e9crit les politiques de\n\n  EFSB GLOBAL COMMODITIES, UNIPESSOAL LDA,\n Zona Industrial de Vagos, Lote 141 \/,\n Vagos\n 3840-385 Vagos,\n Portugal,\n email&nbsp;: web@quimicoil.com,\n t\u00e9l\u00e9phone&nbsp;: 924&nbsp;006&nbsp;714\n\n concernant la collecte,\n l\u2019utilisation et la divulgation de vos informations que nous recueillons\n lorsque vous utilisez notre site web (https:\/\/quimicoil.com).\n (le \u00ab&nbsp;Service&nbsp;\u00bb). En acc\u00e9dant au Service ou en l\u2019utilisant,\n vous \nconsentez \u00e0 la collecte, \u00e0 l\u2019utilisation et \u00e0 la\n divulgation de vos informations conform\u00e9ment \u00e0 la pr\u00e9sente\n politique de confidentialit\u00e9. Si vous n\u2019y consentez pas,\n veuillez ne pas acc\u00e9der au Service ni l\u2019utiliser.  \n<\/p>\n\n<p class=\"privacy-policy-p\">\n  Nous pouvons modifier la pr\u00e9sente politique de confidentialit\u00e9 \u00e0 tout moment sans\n pr\u00e9avis et nous publierons la version r\u00e9vis\u00e9e\n sur le Service. La politique r\u00e9vis\u00e9e entrera\n en vigueur 180&nbsp;jours apr\u00e8s sa publication sur le Service et votre\n acc\u00e8s continu au Service ou son utilisation continue apr\u00e8s cette p\u00e9riode\n constitueront votre acceptation de la politique de confidentialit\u00e9 r\u00e9vis\u00e9e.\n Nous vous recommandons donc de consulter r\u00e9guli\u00e8rement cette page. \n<\/p>\n\n<ol class=\"privacy-policy-ol\">\n        <li>\n        <h2 class=\"privacy-policy-h2\">\n  Informations que nous recueillons&nbsp;:\n        <\/h2>\n\n        \n        <p class=\"privacy-policy-p\">\n  Nous recueillerons et traiterons les informations\n personnelles suivantes vous concernant&nbsp;:\n        <\/p>\n        <ol class=\"privacy-policy-ol\">\n\n                        <li>Nom<\/li>\n            \n                        <li>Adresse e-mail<\/li>\n            \n                        <li>T\u00e9l\u00e9phone portable<\/li>\n            \n            \n            \n                        <li>Adresse<\/li>\n            \n                        <li>Adresse professionnelle<\/li>\n            \n                        \n                                    \n        <\/ol>\n        \n\n        \n\n    <\/li>\n\n    \n    \n\n        <li>\n        <h2 class=\"privacy-policy-h2\">\n  Comment nous utilisons vos informations&nbsp;:\n        <\/h2>\n        <p class=\"privacy-policy-p\">\n  Nous utiliserons les informations que nous recueillons\n \u00e0 votre sujet aux fins suivantes&nbsp;:\n        <\/p>\n        <ol class=\"privacy-policy-ol\">\n\n                        <li>Marketing\/Promotion<\/li>\n            \n            \n            \n            \n                        <li>Application des conditions g\u00e9n\u00e9rales<\/li>\n            \n                        <li>Traitement des paiements<\/li>\n            \n                        <li>Assistance<\/li>\n            \n                        <li>Informations administratives<\/li>\n            \n                        <li>Publicit\u00e9 cibl\u00e9e<\/li>\n            \n                        <li>Gestion des commandes des clients<\/li>\n            \n                        <li>Protection du site<\/li>\n            \n                        <li>Commentaires entre les utilisateurs<\/li>\n            \n                        <li>R\u00e9solution des litiges<\/li>\n            \n                        <li>Gestion du compte utilisateur<\/li>\n            \n        <\/ol>\n        <p class=\"privacy-policy-p\">\n  Si nous souhaitons utiliser vos informations \u00e0 toute autre\n fin, nous vous demanderons votre consentement et nous\n n\u2019utiliserons vos informations qu\u2019apr\u00e8s l\u2019avoir re\u00e7u\n et uniquement aux fins pour lesquelles\n le consentement a \u00e9t\u00e9 accord\u00e9, sauf obligation l\u00e9gale contraire.\n        <\/p>\n    <\/li>\n    \n    \n    <li>\n        <h2 class=\"privacy-policy-h2\">\n  Comment nous partageons vos informations&nbsp;:\n        <\/h2>\n\n\n                <p class=\"privacy-policy-p\">\n  Nous ne transf\u00e9rerons pas vos informations personnelles\n \u00e0 des tiers sans votre consentement,\n sauf dans des circonstances limit\u00e9es, comme d\u00e9crit\n ci-dessous&nbsp;:\n        <\/p>\n        <ol class=\"privacy-policy-ol\">\n                        <li>Services de publicit\u00e9<\/li>\n            \n                        <li>Sponsors<\/li>\n            \n                        <li>Agences de marketing<\/li>\n            \n                        <li>Entit\u00e9s l\u00e9gales<\/li>\n            \n                        <li>Analyses<\/li>\n            \n            \n                        <li>Collecte et traitement des donn\u00e9es<\/li>\n                    <\/ol>\n        \n        <p class=\"privacy-policy-p\">\n  Nous exigeons que ces tiers utilisent les\n informations personnelles que nous leur transf\u00e9rons uniquement\n aux fins pour lesquelles elles ont \u00e9t\u00e9 fournies et\n qu\u2019ils ne les conservent pas plus longtemps qu\u2019il n\u2019est n\u00e9cessaire\n pour atteindre ladite fin.\n        <\/p>\n        <p class=\"privacy-policy-p\">\n  Nous pouvons \u00e9galement divulguer vos informations personnelles\n aux fins suivantes&nbsp;: (1)&nbsp;pour nous conformer \u00e0 la loi applicable,\n \u00e0 la r\u00e9glementation, \u00e0 une ordonnance judiciaire ou \u00e0 toute autre proc\u00e9dure l\u00e9gale&nbsp;; (2)&nbsp;pour faire appliquer nos accords avec vous,\n y compris la pr\u00e9sente politique de confidentialit\u00e9&nbsp;; ou (3)&nbsp;pour r\u00e9pondre\n aux r\u00e9clamations selon lesquelles votre utilisation du Service viole\n les droits de tiers. Si le Service ou notre\n entreprise est fusionn\u00e9e avec une autre entreprise ou acquise par celle-ci,\n vos informations feront partie des\n actifs transf\u00e9r\u00e9s au nouveau propri\u00e9taire. \n        <\/p>\n    <\/li>\n    \n\n        <li>\n        <h2 class=\"privacy-policy-h2\">\n  Conservation de vos informations&nbsp;:\n        <\/h2>\n        <p class=\"privacy-policy-p\">\n  Nous conserverons vos informations personnelles\n pendant\n 90&nbsp;jours \u00e0 2&nbsp;ans apr\u00e8s que les utilisateurs ont ferm\u00e9 leurs comptes\n ou pendant la dur\u00e9e\n n\u00e9cessaire pour atteindre les fins\n pour lesquelles elles ont \u00e9t\u00e9 recueillies, comme indiqu\u00e9 dans la pr\u00e9sente\n politique de confidentialit\u00e9. Nous pourrions devoir conserver certaines\n informations pendant des p\u00e9riodes plus longues, telles que\n des registres\/rapports conform\u00e9ment \u00e0\n la l\u00e9gislation applicable ou pour d\u2019autres motifs l\u00e9gitimes\n tels que l\u2019application de droits l\u00e9gaux, la pr\u00e9vention de la fraude, etc.\n Les informations anonymes r\u00e9siduelles\n et les informations agr\u00e9g\u00e9es, qui ne vous\n identifient pas (directement ou indirectement), peuvent \u00eatre\n stock\u00e9es ind\u00e9finiment. \n        <\/p>\n    <\/li>\n    \n    <li>\n        <h2 class=\"privacy-policy-h2\">\n  Vos droits&nbsp;:\n        <\/h2>\n        <p class=\"privacy-policy-p\">\n  Selon la loi applicable, vous pouvez avoir\n le droit d\u2019acc\u00e9der \u00e0 vos donn\u00e9es personnelles, de les rectifier ou de les supprimer\n ou d\u2019en recevoir une copie,\n de restreindre ou de vous opposer au traitement\n de vos donn\u00e9es, de nous demander de partager (portabilit\u00e9)\n vos informations personnelles avec une autre entit\u00e9,\n de retirer tout consentement que vous nous avez\n donn\u00e9 pour traiter vos donn\u00e9es, le droit de d\u00e9poser\n une plainte aupr\u00e8s d\u2019une autorit\u00e9 comp\u00e9tente et tous les autres droits\n pertinents en vertu de la l\u00e9gislation applicable. Pour\n exercer ces droits, vous pouvez nous \u00e9crire \u00e0\n web@quimicoil.com.\n Nous r\u00e9pondrons \u00e0 votre\n demande conform\u00e9ment \u00e0 la loi applicable. \n        <\/p>\n\n                <p class=\"privacy-policy-p\">\n  Vous pouvez choisir de ne pas recevoir de communications de marketing\n direct ou de ne pas r\u00e9aliser de profils\n que nous effectuons \u00e0 des fins de marketing, en nous \u00e9crivant \u00e0\n web@quimicoil.com.\n        <\/p>\n        \n        <p class=\"privacy-policy-p\">\n  Veuillez noter que si vous ne nous autorisez pas \u00e0 recueillir\n ou \u00e0 traiter les informations personnelles n\u00e9cessaires ou\n si vous retirez votre consentement au traitement de celles-ci\n aux fins requises, vous pourriez ne pas \u00eatre en mesure d\u2019acc\u00e9der\n aux services pour lesquels vos informations\n ont \u00e9t\u00e9 demand\u00e9es ou de les utiliser.\n        <\/p>\n    <\/li>\n        <li>\n        <h2 class=\"privacy-policy-h2\">\n  Cookies, etc.\n        <\/h2>\n        <p class=\"privacy-policy-p\">\n\n            \n  Pour en savoir plus sur la fa\u00e7on dont nous utilisons ces\n technologies de suivi et sur vos options \u00e0 cet \u00e9gard,\n veuillez consulter notre\n            <a href=\"https:\/\/quimicoil.com\/fr\/politique-de-cookies\/\">politique en mati\u00e8re de cookies.<\/a>\n        <\/p>\n    <\/li>\n    \n    <li>\n        <h2 class=\"privacy-policy-h2\">\n  S\u00e9curit\u00e9&nbsp;:\n        <\/h2>\n        <p class=\"privacy-policy-p\">\n  La s\u00e9curit\u00e9 de vos informations est importante pour\n nous et nous utiliserons des mesures de s\u00e9curit\u00e9 raisonnables\n pour \u00e9viter la perte, l\u2019utilisation abusive ou l\u2019alt\u00e9ration\n non autoris\u00e9e de vos informations sous notre\n contr\u00f4le. Toutefois, compte tenu des risques inh\u00e9rents, nous ne\n pouvons garantir une s\u00e9curit\u00e9 absolue et, par cons\u00e9quent,\n nous ne pouvons assurer ni garantir la\n s\u00e9curit\u00e9 de toute information que vous nous transmettez,\n \u00e9tant donn\u00e9 que vous le faites \u00e0 vos propres risques.\n        <\/p>\n    <\/li>\n\n        <li>\n        <h2 class=\"privacy-policy-h2\">\n  Liens de tiers et utilisation de vos informations&nbsp;:\n        <\/h2>\n        <p class=\"privacy-policy-p\">\n  Notre Service peut contenir des liens vers d\u2019autres sites web\n qui ne sont pas exploit\u00e9s par nous. La pr\u00e9sente politique de confidentialit\u00e9\n ne couvre pas les politiques de confidentialit\u00e9 et autres\n pratiques de tiers, y compris tout\n tiers qui exploite un site web ou un service\n accessible via un lien dans le\n Service. Nous vous recommandons vivement de consulter la\n politique de confidentialit\u00e9 de chaque site que vous visitez. Nous n\u2019avons\n aucun contr\u00f4le et n\u2019assumons aucune responsabilit\u00e9 quant au\n contenu, aux politiques de confidentialit\u00e9 ou aux pratiques des\n sites ou services de tiers.\n        <\/p>\n    <\/li>\n    \n    <li>\n        <h2 class=\"privacy-policy-h2\">\n  D\u00e9l\u00e9gu\u00e9 \u00e0 la protection des donn\u00e9es\/Responsable des r\u00e9clamations&nbsp;:\n        <\/h2>\n        <p class=\"privacy-policy-p\">\n  Si vous avez des questions ou des pr\u00e9occupations concernant le\n traitement de vos informations qui sont en notre possession, vous pouvez envoyer un e-mail \u00e0 notre d\u00e9l\u00e9gu\u00e9 \u00e0 la protection des donn\u00e9es \u00e0\n EFSB GLOBAL COMMODITIES, UNIPESSOAL LDA,\n Zona Industrial de Vagos, Lote 141 \/ 3840-385 Vagos,\n e-mail&nbsp;: web@quimicoil.com.\n Nous traiterons vos pr\u00e9occupations conform\u00e9ment \u00e0 la l\u00e9gislation applicable.\n        <\/p>\n\n    <\/li>\n<\/ol>\t\t\t\t<\/div>\n\t\t\t\t<\/div>\n\t\t\t\t\t<\/div>\n\t\t\t\t<\/div>\n\t\t\t\t<\/div>\n\t\t","protected":false},"excerpt":{"rendered":"<p>Privacy Policy Derni\u00e8re mise \u00e0 jour&nbsp;: 17&nbsp;juillet&nbsp;2025 Date d\u2019entr\u00e9e en vigueur&nbsp;: 17&nbsp;juillet&nbsp;2025 La pr\u00e9sente politique de confidentialit\u00e9 d\u00e9crit les politiques de EFSB GLOBAL COMMODITIES, UNIPESSOAL LDA, Zona Industrial de Vagos, Lote 141 \/, Vagos 3840-385 Vagos, Portugal, email&nbsp;: web@quimicoil.com, t\u00e9l\u00e9phone&nbsp;: 924&nbsp;006&nbsp;714 concernant la collecte, l\u2019utilisation et la divulgation de vos informations que nous recueillons lorsque [&hellip;]<\/p>\n","protected":false},"author":4,"featured_media":0,"parent":0,"menu_order":0,"comment_status":"closed","ping_status":"closed","template":"elementor_header_footer","meta":{"_acf_changed":false,"footnotes":""},"class_list":["post-2263","page","type-page","status-publish","hentry"],"acf":[],"aioseo_notices":[],"_links":{"self":[{"href":"https:\/\/quimicoil.com\/fr\/wp-json\/wp\/v2\/pages\/2263","targetHints":{"allow":["GET"]}}],"collection":[{"href":"https:\/\/quimicoil.com\/fr\/wp-json\/wp\/v2\/pages"}],"about":[{"href":"https:\/\/quimicoil.com\/fr\/wp-json\/wp\/v2\/types\/page"}],"author":[{"embeddable":true,"href":"https:\/\/quimicoil.com\/fr\/wp-json\/wp\/v2\/users\/4"}],"replies":[{"embeddable":true,"href":"https:\/\/quimicoil.com\/fr\/wp-json\/wp\/v2\/comments?post=2263"}],"version-history":[{"count":1,"href":"https:\/\/quimicoil.com\/fr\/wp-json\/wp\/v2\/pages\/2263\/revisions"}],"predecessor-version":[{"id":2264,"href":"https:\/\/quimicoil.com\/fr\/wp-json\/wp\/v2\/pages\/2263\/revisions\/2264"}],"wp:attachment":[{"href":"https:\/\/quimicoil.com\/fr\/wp-json\/wp\/v2\/media?parent=2263"}],"curies":[{"name":"wp","href":"https:\/\/api.w.org\/{rel}","templated":true}]}}